{"id":158,"date":"2025-07-17T20:36:57","date_gmt":"2025-07-17T18:36:57","guid":{"rendered":"http:\/\/pagoporserviciosambientales-psa.corpoboyaca.gov.co:2160\/?page_id=158"},"modified":"2025-07-17T23:21:14","modified_gmt":"2025-07-17T21:21:14","slug":"inicio","status":"publish","type":"page","link":"http:\/\/pagoporserviciosambientales-psa.corpoboyaca.gov.co:2160\/","title":{"rendered":"Inicio"},"content":{"rendered":"\t\t<div data-elementor-type=\"wp-page\" data-elementor-id=\"158\" class=\"elementor elementor-158\">\n\t\t\t\t<div class=\"elementor-element elementor-element-53974a74 e-flex e-con-boxed e-con e-parent\" data-id=\"53974a74\" data-element_type=\"container\">\n\t\t\t\t\t<div class=\"e-con-inner\">\n\t\t\t\t<div class=\"elementor-element elementor-element-18a78372 elementor-widget elementor-widget-text-editor\" data-id=\"18a78372\" data-element_type=\"widget\" data-widget_type=\"text-editor.default\">\n\t\t\t\t<div class=\"elementor-widget-container\">\n\t\t\t\t\t\t\t\t\t\n<p style=\"text-align: justify;\">El proyecto \u00abConservaci\u00f3n y gobernanza de ecosistemas y la biodiversidad\u00bb que hace parte de la Subdirecci\u00f3n de ecosistemas y Gesti\u00f3n Ambiental, tiene como objetivo dise\u00f1ar e implementar acciones que fortalezcan la administraci\u00f3n y conservaci\u00f3n de las \u00e1reas protegidas y los ecosistemas estrat\u00e9gicos, a partir de la planificaci\u00f3n participativa, la conformaci\u00f3n de nuevas \u00e1reas protegidas municipales, privadas y otras estrategias complementarias de conservaci\u00f3n. Esto se realizar\u00e1 a trav\u00e9s de modelos de gobernanza con enfoque diferencial, procesos de investigaci\u00f3n-acci\u00f3n-participativa y el fortalecimiento de alianzas en torno a la gesti\u00f3n de la biodiversidad, as\u00ed como esquemas de Pagos por Servicios Ambientales (PSA), que permitan el fortalecimiento de la Estructura Ecol\u00f3gica Principal (EEP), aportando al mantenimiento de los servicios ecosist\u00e9micos y a la biodiversidad, buscando avanzar en el cumplimiento de los objetivos de conservaci\u00f3n.<\/p>\n\n<p style=\"text-align: justify;\">El Ministerio de Ambiente y Desarrollo Sostenible, respecto al Pago por Servicios Ambientales (PSA), define: \u201cEs el incentivo econ\u00f3mico en dinero o en especie que reconocen los interesados de los servicios ambientales a los propietarios, poseedores u ocupantes de buena fe exenta de culpa, por las acciones de preservaci\u00f3n y restauraci\u00f3n en \u00e1reas y ecosistemas estrat\u00e9gicos, mediante la celebraci\u00f3n de acuerdos voluntarios entre los interesados y beneficiarios de los servicios ambientales.\u201d Por lo tanto, es un instrumento econ\u00f3mico que busca asegurar la provisi\u00f3n de los servicios ecosist\u00e9micos, mediante aportes directos y condicionados a los habitantes de ecosistemas estrat\u00e9gicos en el marco de proyectos de conservaci\u00f3n.<\/p>\n\n<p style=\"text-align: justify;\">El Decreto Ley 870 de 2017 tiene como objetivo establecer las directrices para el desarrollo de los Pagos por Servicios Ambientales y otros incentivos a la conservaci\u00f3n que permitan el mantenimiento y generaci\u00f3n de servicios ambientales en \u00e1reas y ecosistemas estrat\u00e9gicos, a trav\u00e9s de acciones de preservaci\u00f3n y restauraci\u00f3n. En este sentido, el PSA se consolida como una herramienta clave para incentivar la conservaci\u00f3n desde la comunidad, adem\u00e1s de ser una estrategia integral que promueve soluciones basadas en la naturaleza, el uso eficiente y ahorro del agua, la seguridad alimentaria, la agroecolog\u00eda, la producci\u00f3n m\u00e1s limpia y, en \u00faltima instancia, contribuye a mejorar el bienestar y el futuro de las familias que habitan en los territorios de nuestra jurisdicci\u00f3n.<\/p>\n\t\t\t\t\t\t\t\t<\/div>\n\t\t\t\t<\/div>\n\t\t\t\t\t<\/div>\n\t\t\t\t<\/div>\n\t\t<div class=\"elementor-element elementor-element-319c53b e-flex e-con-boxed e-con e-parent\" data-id=\"319c53b\" data-element_type=\"container\">\n\t\t\t\t\t<div class=\"e-con-inner\">\n\t\t\t\t<div class=\"elementor-element elementor-element-9bbf154 elementor-widget elementor-widget-video\" data-id=\"9bbf154\" data-element_type=\"widget\" data-settings=\"{&quot;video_type&quot;:&quot;hosted&quot;,&quot;controls&quot;:&quot;yes&quot;}\" data-widget_type=\"video.default\">\n\t\t\t\t<div class=\"elementor-widget-container\">\n\t\t\t\t\t\t\t<div class=\"e-hosted-video elementor-wrapper elementor-open-inline\">\n\t\t\t\t\t<video class=\"elementor-video\" src=\"http:\/\/pagoporserviciosambientales-psa.corpoboyaca.gov.co:2160\/wp-content\/uploads\/2025\/07\/Pago-por-servicios-Ambientales-Video.mp4\" controls=\"\" preload=\"metadata\" controlsList=\"nodownload\"><\/video>\n\t\t\t\t<\/div>\n\t\t\t\t\t\t<\/div>\n\t\t\t\t<\/div>\n\t\t\t\t\t<\/div>\n\t\t\t\t<\/div>\n\t\t\t\t<\/div>\n\t\t","protected":false},"excerpt":{"rendered":"<p>El proyecto \u00abConservaci\u00f3n y gobernanza de ecosistemas y la biodiversidad\u00bb que hace parte de la Subdirecci\u00f3n de ecosistemas y Gesti\u00f3n Ambiental, tiene como objetivo dise\u00f1ar e implementar acciones que fortalezcan la administraci\u00f3n y conservaci\u00f3n de las \u00e1reas protegidas y los ecosistemas estrat\u00e9gicos, a partir de la planificaci\u00f3n participativa, la conformaci\u00f3n de nuevas \u00e1reas protegidas municipales,&#8230;<\/p>\n<p class=\"more-link-wrap\"><a href=\"http:\/\/pagoporserviciosambientales-psa.corpoboyaca.gov.co:2160\/\" class=\"more-link\">Leer m\u00e1s<span class=\"screen-reader-text\"> &ldquo;Inicio&rdquo;<\/span> &raquo;<\/a><\/p>\n","protected":false},"author":1,"featured_media":0,"parent":0,"menu_order":0,"comment_status":"closed","ping_status":"closed","template":"","meta":{"footnotes":""},"class_list":["post-158","page","type-page","status-publish","hentry"],"_links":{"self":[{"href":"http:\/\/pagoporserviciosambientales-psa.corpoboyaca.gov.co:2160\/index.php?rest_route=\/wp\/v2\/pages\/158","targetHints":{"allow":["GET"]}}],"collection":[{"href":"http:\/\/pagoporserviciosambientales-psa.corpoboyaca.gov.co:2160\/index.php?rest_route=\/wp\/v2\/pages"}],"about":[{"href":"http:\/\/pagoporserviciosambientales-psa.corpoboyaca.gov.co:2160\/index.php?rest_route=\/wp\/v2\/types\/page"}],"author":[{"embeddable":true,"href":"http:\/\/pagoporserviciosambientales-psa.corpoboyaca.gov.co:2160\/index.php?rest_route=\/wp\/v2\/users\/1"}],"replies":[{"embeddable":true,"href":"http:\/\/pagoporserviciosambientales-psa.corpoboyaca.gov.co:2160\/index.php?rest_route=%2Fwp%2Fv2%2Fcomments&post=158"}],"version-history":[{"count":13,"href":"http:\/\/pagoporserviciosambientales-psa.corpoboyaca.gov.co:2160\/index.php?rest_route=\/wp\/v2\/pages\/158\/revisions"}],"predecessor-version":[{"id":188,"href":"http:\/\/pagoporserviciosambientales-psa.corpoboyaca.gov.co:2160\/index.php?rest_route=\/wp\/v2\/pages\/158\/revisions\/188"}],"wp:attachment":[{"href":"http:\/\/pagoporserviciosambientales-psa.corpoboyaca.gov.co:2160\/index.php?rest_route=%2Fwp%2Fv2%2Fmedia&parent=158"}],"curies":[{"name":"wp","href":"https:\/\/api.w.org\/{rel}","templated":true}]}}